{"id":10,"date":"2017-03-06T23:15:47","date_gmt":"2017-03-06T22:15:47","guid":{"rendered":"http:\/\/grandsoirproductions.com\/?page_id=10"},"modified":"2024-03-21T15:38:54","modified_gmt":"2024-03-21T14:38:54","slug":"accueil","status":"publish","type":"page","link":"https:\/\/grandsoirproductions.com\/","title":{"rendered":"Accueil"},"content":{"rendered":"\t\t<div data-elementor-type=\"wp-page\" data-elementor-id=\"10\" class=\"elementor elementor-10\">\n\t\t\t\t\t\t<section class=\"elementor-section elementor-top-section elementor-element elementor-element-15689c5 elementor-section-boxed elementor-section-height-default elementor-section-height-default\" data-id=\"15689c5\" data-element_type=\"section\" data-e-type=\"section\">\n\t\t\t\t\t\t<div class=\"elementor-container elementor-column-gap-default\">\n\t\t\t\t\t<div class=\"elementor-column elementor-col-100 elementor-top-column elementor-element elementor-element-298556f\" data-id=\"298556f\" data-element_type=\"column\" data-e-type=\"column\">\n\t\t\t<div class=\"elementor-widget-wrap elementor-element-populated\">\n\t\t\t\t\t\t<div class=\"elementor-element elementor-element-a72f778 elementor-widget elementor-widget-text-editor\" data-id=\"a72f778\" data-element_type=\"widget\" data-e-type=\"widget\" data-widget_type=\"text-editor.default\">\n\t\t\t\t<div class=\"elementor-widget-container\">\n\t\t\t\t\t\t\t\t\t<p><span class=\"caps\">GRAND<\/span> <span class=\"caps\">SOIR<\/span> <span class=\"caps\">PRODUCTIONS<\/span> est une association sp\u00e9cialis\u00e9e dans la production et la diffusion de spectacles, qui permet la professionnalisation ainsi que la promotion des jeunes artistes, en particulier les musiciens, \u00e9crivains, com\u00e9diens.<\/p><div>&nbsp;<\/div><p><span class=\"caps\">GRAND<\/span> <span class=\"caps\">SOIR<\/span> <span class=\"caps\">CONCEPTS<\/span> propose son&nbsp;expertise dans l\u2019\u00e9laboration de projets culturels, pour les festivals, associations, communes et les collectivit\u00e9s territoriales.<\/p>\t\t\t\t\t\t\t\t<\/div>\n\t\t\t\t<\/div>\n\t\t\t\t\t<\/div>\n\t\t<\/div>\n\t\t\t\t\t<\/div>\n\t\t<\/section>\n\t\t\t\t<section class=\"elementor-section elementor-top-section elementor-element elementor-element-b12b98c elementor-section-boxed elementor-section-height-default elementor-section-height-default\" data-id=\"b12b98c\" data-element_type=\"section\" data-e-type=\"section\">\n\t\t\t\t\t\t<div class=\"elementor-container elementor-column-gap-default\">\n\t\t\t\t\t<div class=\"elementor-column elementor-col-100 elementor-top-column elementor-element elementor-element-2f6f43f\" data-id=\"2f6f43f\" data-element_type=\"column\" data-e-type=\"column\">\n\t\t\t<div class=\"elementor-widget-wrap elementor-element-populated\">\n\t\t\t\t\t\t<div class=\"elementor-element elementor-element-e410639 elementor-widget elementor-widget-heading\" data-id=\"e410639\" data-element_type=\"widget\" data-e-type=\"widget\" data-widget_type=\"heading.default\">\n\t\t\t\t<div class=\"elementor-widget-container\">\n\t\t\t\t\t<h2 class=\"elementor-heading-title elementor-size-default\">Grand Soir Productions vous propose\u2026<\/h2>\t\t\t\t<\/div>\n\t\t\t\t<\/div>\n\t\t\t\t<section class=\"elementor-section elementor-inner-section elementor-element elementor-element-e97a6c5 elementor-section-boxed elementor-section-height-default elementor-section-height-default\" data-id=\"e97a6c5\" data-element_type=\"section\" data-e-type=\"section\">\n\t\t\t\t\t\t<div class=\"elementor-container elementor-column-gap-default\">\n\t\t\t\t\t<div class=\"elementor-column elementor-col-50 elementor-inner-column elementor-element elementor-element-3f88a51\" data-id=\"3f88a51\" data-element_type=\"column\" data-e-type=\"column\">\n\t\t\t<div class=\"elementor-widget-wrap elementor-element-populated\">\n\t\t\t\t\t\t<div class=\"elementor-element elementor-element-4ec47f4 elementor-align-center elementor-widget elementor-widget-button\" data-id=\"4ec47f4\" data-element_type=\"widget\" data-e-type=\"widget\" data-widget_type=\"button.default\">\n\t\t\t\t<div class=\"elementor-widget-container\">\n\t\t\t\t\t\t\t\t\t<div class=\"elementor-button-wrapper\">\n\t\t\t\t\t<a class=\"elementor-button elementor-button-link elementor-size-sm\" href=\"https:\/\/www.billetweb.fr\/grand-soir-du-piano\">\n\t\t\t\t\t\t<span class=\"elementor-button-content-wrapper\">\n\t\t\t\t\t\t\t\t\t<span class=\"elementor-button-text\"><span class=\"caps\">RESERVER<\/span><\/span>\n\t\t\t\t\t<\/span>\n\t\t\t\t\t<\/a>\n\t\t\t\t<\/div>\n\t\t\t\t\t\t\t\t<\/div>\n\t\t\t\t<\/div>\n\t\t\t\t<div class=\"elementor-element elementor-element-b16a285 elementor-widget elementor-widget-image\" data-id=\"b16a285\" data-element_type=\"widget\" data-e-type=\"widget\" data-widget_type=\"image.default\">\n\t\t\t\t<div class=\"elementor-widget-container\">\n\t\t\t\t\t\t\t\t\t\t\t\t\t\t\t\t<a href=\"https:\/\/www.helloasso.com\/associations\/grand-soir-productions\/evenements\/la-nuit-du-piano\">\n\t\t\t\t\t\t\t<img fetchpriority=\"high\" decoding=\"async\" width=\"644\" height=\"912\" src=\"https:\/\/grandsoirproductions.com\/wp-content\/uploads\/2024\/01\/Affche-Gd-Soir-du-Piano-2024-723x1024.jpg\" class=\"attachment-large size-large wp-image-5611\" alt srcset=\"https:\/\/grandsoirproductions.com\/wp-content\/uploads\/2024\/01\/Affche-Gd-Soir-du-Piano-2024-723x1024.jpg 723w, https:\/\/grandsoirproductions.com\/wp-content\/uploads\/2024\/01\/Affche-Gd-Soir-du-Piano-2024-212x300.jpg 212w, https:\/\/grandsoirproductions.com\/wp-content\/uploads\/2024\/01\/Affche-Gd-Soir-du-Piano-2024-768x1088.jpg 768w, https:\/\/grandsoirproductions.com\/wp-content\/uploads\/2024\/01\/Affche-Gd-Soir-du-Piano-2024-1085x1536.jpg 1085w, https:\/\/grandsoirproductions.com\/wp-content\/uploads\/2024\/01\/Affche-Gd-Soir-du-Piano-2024.jpg 1134w\" sizes=\"100vw\">\t\t\t\t\t\t\t\t<\/a>\n\t\t\t\t\t\t\t\t\t\t\t\t\t\t\t<\/div>\n\t\t\t\t<\/div>\n\t\t\t\t<div class=\"elementor-element elementor-element-b4d7e54 elementor-widget elementor-widget-text-editor\" data-id=\"b4d7e54\" data-element_type=\"widget\" data-e-type=\"widget\" data-widget_type=\"text-editor.default\">\n\t\t\t\t<div class=\"elementor-widget-container\">\n\t\t\t\t\t\t\t\t\t<div>&nbsp;<\/div><div>\u00bb&gt; Profitez du Tarif pr\u00e9f\u00e9rentiel avec le <span class=\"caps\">PASS<\/span> 2 Spectacles \u00e0 Ste Bazeille&nbsp;\u00ab&lt;<\/div><div>\u201cLe Grand Soir du Piano\u201d le 22 mars + \u201cDes Mots Pas \u00e0 Pas\u201d le 20&nbsp;avril<\/div><div>35 \u20ac au lieu de 40 \u20ac pour les 2 spectacles<\/div>\t\t\t\t\t\t\t\t<\/div>\n\t\t\t\t<\/div>\n\t\t\t\t\t<\/div>\n\t\t<\/div>\n\t\t\t\t<div class=\"elementor-column elementor-col-50 elementor-inner-column elementor-element elementor-element-155458e\" data-id=\"155458e\" data-element_type=\"column\" data-e-type=\"column\">\n\t\t\t<div class=\"elementor-widget-wrap elementor-element-populated\">\n\t\t\t\t\t\t<div class=\"elementor-element elementor-element-98d45b0 elementor-widget elementor-widget-heading\" data-id=\"98d45b0\" data-element_type=\"widget\" data-e-type=\"widget\" data-widget_type=\"heading.default\">\n\t\t\t\t<div class=\"elementor-widget-container\">\n\t\t\t\t\t<h2 class=\"elementor-heading-title elementor-size-default\"><span class=\"caps\">LE<\/span> <span class=\"caps\">GRAND<\/span> <span class=\"caps\">SOIR<\/span><br><span class=\"caps\">DU<\/span> <span class=\"caps\">PIANO<\/span><\/h2>\t\t\t\t<\/div>\n\t\t\t\t<\/div>\n\t\t\t\t<div class=\"elementor-element elementor-element-0860bb7 elementor-widget elementor-widget-text-editor\" data-id=\"0860bb7\" data-element_type=\"widget\" data-e-type=\"widget\" data-widget_type=\"text-editor.default\">\n\t\t\t\t<div class=\"elementor-widget-container\">\n\t\t\t\t\t\t\t\t\t<p>Vendredi 22 Mars 2024 \u00e0&nbsp;20h30<\/p>\t\t\t\t\t\t\t\t<\/div>\n\t\t\t\t<\/div>\n\t\t\t\t<div class=\"elementor-element elementor-element-99ca798 elementor-widget elementor-widget-text-editor\" data-id=\"99ca798\" data-element_type=\"widget\" data-e-type=\"widget\" data-widget_type=\"text-editor.default\">\n\t\t\t\t<div class=\"elementor-widget-container\">\n\t\t\t\t\t\t\t\t\t<p>Salle <span class=\"caps\">FRAC<\/span> \u2014 Foyer Rural et Culturel<\/p><p>47180 Sainte Bazeille<\/p>\t\t\t\t\t\t\t\t<\/div>\n\t\t\t\t<\/div>\n\t\t\t\t<div class=\"elementor-element elementor-element-40046d8 elementor-widget elementor-widget-text-editor\" data-id=\"40046d8\" data-element_type=\"widget\" data-e-type=\"widget\" data-widget_type=\"text-editor.default\">\n\t\t\t\t<div class=\"elementor-widget-container\">\n\t\t\t\t\t\t\t\t\t<p>Une soir\u00e9e musicale exceptionnelle, o\u00f9 la magie des touches noires et blanches prendra vie dans un dialogue entre deux virtuoses du piano, Corine Durous et Nino Pavlenichvili. Pr\u00e9parez-vous \u00e0 \u00eatre transport\u00e9s \u00e0 travers les \u00e9poques et les genres musicaux lors de ce concert \u00e0 deux pianos, o\u00f9 la gr\u00e2ce classique de Mozart fusionne harmonieusement avec Ravel, Faur\u00e9, Piazzolla, Chabrier et d\u2019autres surprises\u2026<br>Corine Durous, pianiste \u00e9m\u00e9rite au toucher d\u00e9licat, et Nino Pavlenichvili, virtuose au temp\u00e9rament fougueux, unissent leurs talents pour vous offrir une exp\u00e9rience sonore inoubliable.<\/p>\t\t\t\t\t\t\t\t<\/div>\n\t\t\t\t<\/div>\n\t\t\t\t\t<\/div>\n\t\t<\/div>\n\t\t\t\t\t<\/div>\n\t\t<\/section>\n\t\t\t\t\t<\/div>\n\t\t<\/div>\n\t\t\t\t\t<\/div>\n\t\t<\/section>\n\t\t\t\t<section class=\"elementor-section elementor-top-section elementor-element elementor-element-9546148 elementor-section-boxed elementor-section-height-default elementor-section-height-default\" data-id=\"9546148\" data-element_type=\"section\" data-e-type=\"section\">\n\t\t\t\t\t\t<div class=\"elementor-container elementor-column-gap-default\">\n\t\t\t\t\t<div class=\"elementor-column elementor-col-100 elementor-top-column elementor-element elementor-element-75ab1fe\" data-id=\"75ab1fe\" data-element_type=\"column\" data-e-type=\"column\">\n\t\t\t<div class=\"elementor-widget-wrap elementor-element-populated\">\n\t\t\t\t\t\t<div class=\"elementor-element elementor-element-8987c28 elementor-widget elementor-widget-heading\" data-id=\"8987c28\" data-element_type=\"widget\" data-e-type=\"widget\" data-widget_type=\"heading.default\">\n\t\t\t\t<div class=\"elementor-widget-container\">\n\t\t\t\t\t<h2 class=\"elementor-heading-title elementor-size-default\">Grand Soir Productions vous propose\u2026<\/h2>\t\t\t\t<\/div>\n\t\t\t\t<\/div>\n\t\t\t\t<section class=\"elementor-section elementor-inner-section elementor-element elementor-element-012e7fc elementor-section-boxed elementor-section-height-default elementor-section-height-default\" data-id=\"012e7fc\" data-element_type=\"section\" data-e-type=\"section\">\n\t\t\t\t\t\t<div class=\"elementor-container elementor-column-gap-default\">\n\t\t\t\t\t<div class=\"elementor-column elementor-col-50 elementor-inner-column elementor-element elementor-element-342fc16\" data-id=\"342fc16\" data-element_type=\"column\" data-e-type=\"column\">\n\t\t\t<div class=\"elementor-widget-wrap elementor-element-populated\">\n\t\t\t\t\t\t<div class=\"elementor-element elementor-element-d22ae64 elementor-widget elementor-widget-button\" data-id=\"d22ae64\" data-element_type=\"widget\" data-e-type=\"widget\" data-widget_type=\"button.default\">\n\t\t\t\t<div class=\"elementor-widget-container\">\n\t\t\t\t\t\t\t\t\t<div class=\"elementor-button-wrapper\">\n\t\t\t\t\t<a class=\"elementor-button elementor-button-link elementor-size-sm\" href=\"https:\/\/www.billetweb.fr\/nuit-de-la-danse1\">\n\t\t\t\t\t\t<span class=\"elementor-button-content-wrapper\">\n\t\t\t\t\t\t\t\t\t<span class=\"elementor-button-text\"><span class=\"caps\">RESERVER<\/span> <span class=\"caps\">POUR<\/span> <span class=\"caps\">LE<\/span> 22\/4<\/span>\n\t\t\t\t\t<\/span>\n\t\t\t\t\t<\/a>\n\t\t\t\t<\/div>\n\t\t\t\t\t\t\t\t<\/div>\n\t\t\t\t<\/div>\n\t\t\t\t<div class=\"elementor-element elementor-element-14b3de8 elementor-widget elementor-widget-image\" data-id=\"14b3de8\" data-element_type=\"widget\" data-e-type=\"widget\" data-widget_type=\"image.default\">\n\t\t\t\t<div class=\"elementor-widget-container\">\n\t\t\t\t\t\t\t\t\t\t\t\t\t\t\t\t<a href=\"https:\/\/www.helloasso.com\/associations\/grand-soir-productions\/evenements\/la-nuit-du-piano\">\n\t\t\t\t\t\t\t<img decoding=\"async\" width=\"644\" height=\"894\" src=\"https:\/\/grandsoirproductions.com\/wp-content\/uploads\/2024\/01\/Affiche-Mot-Pas-a-Pas-738x1024.jpg\" class=\"attachment-large size-large wp-image-5615\" alt srcset=\"https:\/\/grandsoirproductions.com\/wp-content\/uploads\/2024\/01\/Affiche-Mot-Pas-a-Pas-738x1024.jpg 738w, https:\/\/grandsoirproductions.com\/wp-content\/uploads\/2024\/01\/Affiche-Mot-Pas-a-Pas-216x300.jpg 216w, https:\/\/grandsoirproductions.com\/wp-content\/uploads\/2024\/01\/Affiche-Mot-Pas-a-Pas-768x1065.jpg 768w, https:\/\/grandsoirproductions.com\/wp-content\/uploads\/2024\/01\/Affiche-Mot-Pas-a-Pas.jpg 1047w\" sizes=\"100vw\">\t\t\t\t\t\t\t\t<\/a>\n\t\t\t\t\t\t\t\t\t\t\t\t\t\t\t<\/div>\n\t\t\t\t<\/div>\n\t\t\t\t<div class=\"elementor-element elementor-element-ab275af elementor-widget elementor-widget-text-editor\" data-id=\"ab275af\" data-element_type=\"widget\" data-e-type=\"widget\" data-widget_type=\"text-editor.default\">\n\t\t\t\t<div class=\"elementor-widget-container\">\n\t\t\t\t\t\t\t\t\t<div>&nbsp;<\/div><div>\u00bb&gt; Profitez du Tarif pr\u00e9f\u00e9rentiel avec le <span class=\"caps\">PASS<\/span> 2 Spectacles \u00e0 Ste Bazeille&nbsp;\u00ab&lt;<\/div><div>\u201cLe Grand Soir du Piano\u201d le 22 mars + \u201cDes Mots Pas \u00e0 Pas\u201d le 20&nbsp;avril<\/div><div>35 \u20ac au lieu de 40 \u20ac pour les 2 spectacles<\/div>\t\t\t\t\t\t\t\t<\/div>\n\t\t\t\t<\/div>\n\t\t\t\t\t<\/div>\n\t\t<\/div>\n\t\t\t\t<div class=\"elementor-column elementor-col-50 elementor-inner-column elementor-element elementor-element-4e16610\" data-id=\"4e16610\" data-element_type=\"column\" data-e-type=\"column\">\n\t\t\t<div class=\"elementor-widget-wrap elementor-element-populated\">\n\t\t\t\t\t\t<div class=\"elementor-element elementor-element-762c1ab elementor-widget elementor-widget-heading\" data-id=\"762c1ab\" data-element_type=\"widget\" data-e-type=\"widget\" data-widget_type=\"heading.default\">\n\t\t\t\t<div class=\"elementor-widget-container\">\n\t\t\t\t\t<h2 class=\"elementor-heading-title elementor-size-default\"><span class=\"caps\">DES<\/span> <span class=\"caps\">MOTS<\/span> <span class=\"caps\">PAS<\/span> A&nbsp;<span class=\"caps\">PAS<\/span><\/h2>\t\t\t\t<\/div>\n\t\t\t\t<\/div>\n\t\t\t\t<div class=\"elementor-element elementor-element-ac79397 elementor-widget elementor-widget-text-editor\" data-id=\"ac79397\" data-element_type=\"widget\" data-e-type=\"widget\" data-widget_type=\"text-editor.default\">\n\t\t\t\t<div class=\"elementor-widget-container\">\n\t\t\t\t\t\t\t\t\t<p>Samedi 20 Avril 2024 \u00e0&nbsp;20h30<\/p>\t\t\t\t\t\t\t\t<\/div>\n\t\t\t\t<\/div>\n\t\t\t\t<div class=\"elementor-element elementor-element-798184c elementor-widget elementor-widget-text-editor\" data-id=\"798184c\" data-element_type=\"widget\" data-e-type=\"widget\" data-widget_type=\"text-editor.default\">\n\t\t\t\t<div class=\"elementor-widget-container\">\n\t\t\t\t\t\t\t\t\t<p>Salle <span class=\"caps\">FRAC<\/span> \u2014 Foyer Rural et Culturel<\/p><p>47180 Sainte Bazeille<\/p>\t\t\t\t\t\t\t\t<\/div>\n\t\t\t\t<\/div>\n\t\t\t\t<div class=\"elementor-element elementor-element-19048ac elementor-widget elementor-widget-text-editor\" data-id=\"19048ac\" data-element_type=\"widget\" data-e-type=\"widget\" data-widget_type=\"text-editor.default\">\n\t\t\t\t<div class=\"elementor-widget-container\">\n\t\t\t\t\t\t\t\t\t<div id=\"description\" class=\"ckeditor_content ckeditor_editable \"><div>Des Mots Pas \u00e0&nbsp;Pas<\/div><div>Spectacle Textes, Musiques et Danses<\/div><div>avec<\/div><div>Hugo Schnitzler, Com\u00e9dien<\/div><div><div>Emilien Primault et Joey Causse, Danseurs<\/div><div>et des Danseurs de la Compagnie Chor\u00e9A<\/div><p>Direction artistique : Nathana\u00eblle Guisset \u2014 G\u00e9rard de Gissac<\/p><\/div><div>&nbsp;<\/div><div>Un moment suspendu qui nous invite \u00e0 nous \u00e9mouvoir du d\u00e9licat \u00e9quilibre des rencontres amoureuses. Les pas deviennent des mots et les mouvements des \u00e9motions.<\/div><div>&nbsp;<\/div><div>Po\u00e9sie des textes, chor\u00e9graphies classiques et contemporaines, voix d\u00e9licate et passionn\u00e9e du narrateur s\u2019entrem\u00ealent pour notre bonheur.<\/div><\/div>\t\t\t\t\t\t\t\t<\/div>\n\t\t\t\t<\/div>\n\t\t\t\t\t<\/div>\n\t\t<\/div>\n\t\t\t\t\t<\/div>\n\t\t<\/section>\n\t\t\t\t\t<\/div>\n\t\t<\/div>\n\t\t\t\t\t<\/div>\n\t\t<\/section>\n\t\t\t\t<\/div>\n\t\t","protected":false},"excerpt":{"rendered":"<p><span class=\"caps\">GRAND<\/span> <span class=\"caps\">SOIR<\/span> <span class=\"caps\">PRODUCTIONS<\/span> est une association sp\u00e9cialis\u00e9e dans la production et la diffusion de spectacles, qui permet la professionnalisation ainsi que la promotion des jeunes artistes, en particulier les musiciens, \u00e9crivains, com\u00e9diens. &nbsp; <span class=\"caps\">GRAND<\/span> <span class=\"caps\">SOIR<\/span> <span class=\"caps\">CONCEPTS<\/span> propose son&nbsp;expertise dans l\u2019\u00e9laboration de projets culturels, pour les festivals, associations, communes et les collectivit\u00e9s territoriales. Grand Soir Productions&nbsp;\u2026&nbsp;<\/p>\n<p class=\"link-more\"><a href=\"https:\/\/grandsoirproductions.com\/\" class=\"more-link\">Continuer la lecture<span class=\"screen-reader-text\"> de \u00ab&nbsp;Accueil&nbsp;\u00bb<\/span><\/a><\/p>\n","protected":false},"author":1,"featured_media":0,"parent":0,"menu_order":0,"comment_status":"closed","ping_status":"closed","template":"","meta":{"wp_typography_post_enhancements_disabled":false,"footnotes":""},"class_list":["post-10","page","type-page","status-publish","hentry","gallery-content-unit"],"_links":{"self":[{"href":"https:\/\/grandsoirproductions.com\/index.php\/wp-json\/wp\/v2\/pages\/10","targetHints":{"allow":["GET"]}}],"collection":[{"href":"https:\/\/grandsoirproductions.com\/index.php\/wp-json\/wp\/v2\/pages"}],"about":[{"href":"https:\/\/grandsoirproductions.com\/index.php\/wp-json\/wp\/v2\/types\/page"}],"author":[{"embeddable":true,"href":"https:\/\/grandsoirproductions.com\/index.php\/wp-json\/wp\/v2\/users\/1"}],"replies":[{"embeddable":true,"href":"https:\/\/grandsoirproductions.com\/index.php\/wp-json\/wp\/v2\/comments?post=10"}],"version-history":[{"count":83,"href":"https:\/\/grandsoirproductions.com\/index.php\/wp-json\/wp\/v2\/pages\/10\/revisions"}],"predecessor-version":[{"id":5642,"href":"https:\/\/grandsoirproductions.com\/index.php\/wp-json\/wp\/v2\/pages\/10\/revisions\/5642"}],"wp:attachment":[{"href":"https:\/\/grandsoirproductions.com\/index.php\/wp-json\/wp\/v2\/media?parent=10"}],"curies":[{"name":"wp","href":"https:\/\/api.w.org\/{rel}","templated":true}]}}