{"id":104,"date":"2017-03-10T22:16:35","date_gmt":"2017-03-10T21:16:35","guid":{"rendered":"http:\/\/grandsoirproductions.com\/?page_id=104"},"modified":"2025-11-04T09:47:34","modified_gmt":"2025-11-04T08:47:34","slug":"le-rideau-rouge","status":"publish","type":"page","link":"https:\/\/grandsoirproductions.com\/index.php\/grand-soir-spectacles\/le-rideau-rouge\/","title":{"rendered":"<span class=\"caps\">LE<\/span> <span class=\"caps\">RIDEAU<\/span> <span class=\"caps\">ROUGE<\/span>"},"content":{"rendered":"\t\t<div data-elementor-type=\"wp-page\" data-elementor-id=\"104\" class=\"elementor elementor-104\">\n\t\t\t\t\t\t<section class=\"elementor-section elementor-top-section elementor-element elementor-element-1cc7bfc8 elementor-section-boxed elementor-section-height-default elementor-section-height-default\" data-id=\"1cc7bfc8\" data-element_type=\"section\" data-e-type=\"section\">\n\t\t\t\t\t\t<div class=\"elementor-container elementor-column-gap-default\">\n\t\t\t\t\t<div class=\"elementor-column elementor-col-100 elementor-top-column elementor-element elementor-element-7133fbf9\" data-id=\"7133fbf9\" data-element_type=\"column\" data-e-type=\"column\">\n\t\t\t<div class=\"elementor-widget-wrap elementor-element-populated\">\n\t\t\t\t\t\t<div class=\"elementor-element elementor-element-37c5ed8a elementor-widget elementor-widget-text-editor\" data-id=\"37c5ed8a\" data-element_type=\"widget\" data-e-type=\"widget\" data-widget_type=\"text-editor.default\">\n\t\t\t\t<div class=\"elementor-widget-container\">\n\t\t\t\t\t\t\t\t\t<h2><span style=\"color: #ff0000;\"><strong><span class=\"color_10\">Un texte d\u00e9licat, le piano des Grands Romantiques<\/span><\/strong><\/span><\/h2><p style=\"text-align: left;\">Dans une premi\u00e8re lecture on peut penser que le Rideau Rouge est celui du th\u00e9\u00e2tre, ce qui n\u2019est pas un contre-sens\u2026 mais il faut aller un peu plus loin dans le spectacle pour comprendre qu\u2019il s\u2019agit en fait d\u2019un autre Rideau Rouge, celui qui isolait l\u2019Union Sovi\u00e9tique du reste du monde. Car nous sommes en 1925\u2026 Youri est un jeune pianiste qui n\u2019a trouv\u00e9 d\u2019autre salut que de fuir son pays, alors que la Russie vient d\u2019\u00eatre balay\u00e9e par la r\u00e9volution bolch\u00e9vique. Il se retrouve en France, contraint de fuir les gendarmes, mais aussi la police sovi\u00e9tique qui n\u2019a de cesse de poursuivre les dissidents pour les reconduire en <span class=\"caps\">URSS<\/span>. Il p\u00e9n\u00e8tre alors sans autorisation dans la propri\u00e9t\u00e9 du Marquis de Volanges\u2026<\/p><p style=\"text-align: left;\">Le piano occupe une place importante dans le d\u00e9roulement de l\u2019histoire, c\u2019est celui&nbsp;des grands compositeurs romantiques : Chopin, Liszt, Schubert\u2026 Pour les servir, le&nbsp;talent d\u2019Ilya Rashkovskiy.<\/p><p style=\"text-align: center;\"><em><span style=\"color: #000000;\">Cr\u00e9ation du Rideau Rouge dans le cadre du Festival Musiques dans les Vignes&nbsp;:<\/span><\/em><\/p><p><\/p><div id=\"gallery-1\" class=\"gallery galleryid-434 gallery-columns-6 gallery-size-twentyseventeen-thumbnail-avatar\"><figure class=\"gallery-item\">\n\t\t\t<div class=\"gallery-icon landscape\">\n\t\t\t\t<a href=\"https:\/\/grandsoirproductions.com\/wp-content\/uploads\/2017\/03\/Rideau-Rouge-5.jpg\" title=\"Rideau Rouge 5\" data-description><img decoding=\"async\" width=\"100\" height=\"100\" src=\"https:\/\/grandsoirproductions.com\/wp-content\/uploads\/2017\/03\/Rideau-Rouge-5-100x100.jpg\" class=\"attachment-twentyseventeen-thumbnail-avatar size-twentyseventeen-thumbnail-avatar\" alt srcset=\"https:\/\/grandsoirproductions.com\/wp-content\/uploads\/2017\/03\/Rideau-Rouge-5-100x100.jpg 100w, https:\/\/grandsoirproductions.com\/wp-content\/uploads\/2017\/03\/Rideau-Rouge-5-150x150.jpg 150w\" sizes=\"100vw\"><\/a>\n\t\t\t<\/div><\/figure><figure class=\"gallery-item\">\n\t\t\t<div class=\"gallery-icon landscape\">\n\t\t\t\t<a href=\"https:\/\/grandsoirproductions.com\/wp-content\/uploads\/2017\/03\/Rideau-Rouge-6.jpg\" title=\"Rideau Rouge 6\" data-description><img decoding=\"async\" width=\"100\" height=\"100\" src=\"https:\/\/grandsoirproductions.com\/wp-content\/uploads\/2017\/03\/Rideau-Rouge-6-100x100.jpg\" class=\"attachment-twentyseventeen-thumbnail-avatar size-twentyseventeen-thumbnail-avatar\" alt srcset=\"https:\/\/grandsoirproductions.com\/wp-content\/uploads\/2017\/03\/Rideau-Rouge-6-100x100.jpg 100w, https:\/\/grandsoirproductions.com\/wp-content\/uploads\/2017\/03\/Rideau-Rouge-6-150x150.jpg 150w\" sizes=\"100vw\"><\/a>\n\t\t\t<\/div><\/figure><figure class=\"gallery-item\">\n\t\t\t<div class=\"gallery-icon landscape\">\n\t\t\t\t<a href=\"https:\/\/grandsoirproductions.com\/wp-content\/uploads\/2017\/03\/Rideau-Rouge-7.jpg\" title=\"Rideau Rouge 7\" data-description><img decoding=\"async\" width=\"100\" height=\"100\" src=\"https:\/\/grandsoirproductions.com\/wp-content\/uploads\/2017\/03\/Rideau-Rouge-7-100x100.jpg\" class=\"attachment-twentyseventeen-thumbnail-avatar size-twentyseventeen-thumbnail-avatar\" alt srcset=\"https:\/\/grandsoirproductions.com\/wp-content\/uploads\/2017\/03\/Rideau-Rouge-7-100x100.jpg 100w, https:\/\/grandsoirproductions.com\/wp-content\/uploads\/2017\/03\/Rideau-Rouge-7-150x150.jpg 150w\" sizes=\"100vw\"><\/a>\n\t\t\t<\/div><\/figure><figure class=\"gallery-item\">\n\t\t\t<div class=\"gallery-icon portrait\">\n\t\t\t\t<a href=\"https:\/\/grandsoirproductions.com\/wp-content\/uploads\/2017\/03\/Rideau-Rouge-8.jpg\" title=\"Rideau Rouge 8\" data-description><img loading=\"lazy\" decoding=\"async\" width=\"100\" height=\"100\" src=\"https:\/\/grandsoirproductions.com\/wp-content\/uploads\/2017\/03\/Rideau-Rouge-8-100x100.jpg\" class=\"attachment-twentyseventeen-thumbnail-avatar size-twentyseventeen-thumbnail-avatar\" alt srcset=\"https:\/\/grandsoirproductions.com\/wp-content\/uploads\/2017\/03\/Rideau-Rouge-8-100x100.jpg 100w, https:\/\/grandsoirproductions.com\/wp-content\/uploads\/2017\/03\/Rideau-Rouge-8-150x150.jpg 150w\" sizes=\"100vw\"><\/a>\n\t\t\t<\/div><\/figure><figure class=\"gallery-item\">\n\t\t\t<div class=\"gallery-icon landscape\">\n\t\t\t\t<a href=\"https:\/\/grandsoirproductions.com\/wp-content\/uploads\/2017\/03\/Rideau-Rouge-10.jpg\" title=\"Rideau Rouge 10\" data-description><img loading=\"lazy\" decoding=\"async\" width=\"100\" height=\"100\" src=\"https:\/\/grandsoirproductions.com\/wp-content\/uploads\/2017\/03\/Rideau-Rouge-10-100x100.jpg\" class=\"attachment-twentyseventeen-thumbnail-avatar size-twentyseventeen-thumbnail-avatar\" alt srcset=\"https:\/\/grandsoirproductions.com\/wp-content\/uploads\/2017\/03\/Rideau-Rouge-10-100x100.jpg 100w, https:\/\/grandsoirproductions.com\/wp-content\/uploads\/2017\/03\/Rideau-Rouge-10-150x150.jpg 150w\" sizes=\"100vw\"><\/a>\n\t\t\t<\/div><\/figure><figure class=\"gallery-item\">\n\t\t\t<div class=\"gallery-icon portrait\">\n\t\t\t\t<a href=\"https:\/\/grandsoirproductions.com\/wp-content\/uploads\/2017\/03\/Rideau-Rouge-11.png\" title=\"Rideau Rouge 11\" data-description><img loading=\"lazy\" decoding=\"async\" width=\"100\" height=\"100\" src=\"https:\/\/grandsoirproductions.com\/wp-content\/uploads\/2017\/03\/Rideau-Rouge-11-100x100.png\" class=\"attachment-twentyseventeen-thumbnail-avatar size-twentyseventeen-thumbnail-avatar\" alt srcset=\"https:\/\/grandsoirproductions.com\/wp-content\/uploads\/2017\/03\/Rideau-Rouge-11-100x100.png 100w, https:\/\/grandsoirproductions.com\/wp-content\/uploads\/2017\/03\/Rideau-Rouge-11-150x150.png 150w\" sizes=\"100vw\"><\/a>\n\t\t\t<\/div><\/figure><figure class=\"gallery-item\">\n\t\t\t<div class=\"gallery-icon landscape\">\n\t\t\t\t<a href=\"https:\/\/grandsoirproductions.com\/wp-content\/uploads\/2017\/03\/Rideau-Rouge-12.jpg\" title=\"Rideau Rouge 12\" data-description><img loading=\"lazy\" decoding=\"async\" width=\"100\" height=\"100\" src=\"https:\/\/grandsoirproductions.com\/wp-content\/uploads\/2017\/03\/Rideau-Rouge-12-100x100.jpg\" class=\"attachment-twentyseventeen-thumbnail-avatar size-twentyseventeen-thumbnail-avatar\" alt srcset=\"https:\/\/grandsoirproductions.com\/wp-content\/uploads\/2017\/03\/Rideau-Rouge-12-100x100.jpg 100w, https:\/\/grandsoirproductions.com\/wp-content\/uploads\/2017\/03\/Rideau-Rouge-12-150x150.jpg 150w\" sizes=\"100vw\"><\/a>\n\t\t\t<\/div><\/figure><figure class=\"gallery-item\">\n\t\t\t<div class=\"gallery-icon portrait\">\n\t\t\t\t<a href=\"https:\/\/grandsoirproductions.com\/wp-content\/uploads\/2017\/03\/Rideau-Rouge-1.jpg\" title=\"Rideau Rouge 1\" data-description><img loading=\"lazy\" decoding=\"async\" width=\"100\" height=\"100\" src=\"https:\/\/grandsoirproductions.com\/wp-content\/uploads\/2017\/03\/Rideau-Rouge-1-100x100.jpg\" class=\"attachment-twentyseventeen-thumbnail-avatar size-twentyseventeen-thumbnail-avatar\" alt srcset=\"https:\/\/grandsoirproductions.com\/wp-content\/uploads\/2017\/03\/Rideau-Rouge-1-100x100.jpg 100w, https:\/\/grandsoirproductions.com\/wp-content\/uploads\/2017\/03\/Rideau-Rouge-1-150x150.jpg 150w\" sizes=\"100vw\"><\/a>\n\t\t\t<\/div><\/figure><figure class=\"gallery-item\">\n\t\t\t<div class=\"gallery-icon landscape\">\n\t\t\t\t<a href=\"https:\/\/grandsoirproductions.com\/wp-content\/uploads\/2017\/03\/Rideau-Rouge-2.jpg\" title=\"Rideau Rouge 2\" data-description><img loading=\"lazy\" decoding=\"async\" width=\"100\" height=\"100\" src=\"https:\/\/grandsoirproductions.com\/wp-content\/uploads\/2017\/03\/Rideau-Rouge-2-100x100.jpg\" class=\"attachment-twentyseventeen-thumbnail-avatar size-twentyseventeen-thumbnail-avatar\" alt srcset=\"https:\/\/grandsoirproductions.com\/wp-content\/uploads\/2017\/03\/Rideau-Rouge-2-100x100.jpg 100w, https:\/\/grandsoirproductions.com\/wp-content\/uploads\/2017\/03\/Rideau-Rouge-2-150x150.jpg 150w\" sizes=\"100vw\"><\/a>\n\t\t\t<\/div><\/figure><figure class=\"gallery-item\">\n\t\t\t<div class=\"gallery-icon landscape\">\n\t\t\t\t<a href=\"https:\/\/grandsoirproductions.com\/wp-content\/uploads\/2017\/03\/Rideau-Rouge-3.jpg\" title=\"Rideau Rouge 3\" data-description><img loading=\"lazy\" decoding=\"async\" width=\"100\" height=\"100\" src=\"https:\/\/grandsoirproductions.com\/wp-content\/uploads\/2017\/03\/Rideau-Rouge-3-100x100.jpg\" class=\"attachment-twentyseventeen-thumbnail-avatar size-twentyseventeen-thumbnail-avatar\" alt srcset=\"https:\/\/grandsoirproductions.com\/wp-content\/uploads\/2017\/03\/Rideau-Rouge-3-100x100.jpg 100w, https:\/\/grandsoirproductions.com\/wp-content\/uploads\/2017\/03\/Rideau-Rouge-3-150x150.jpg 150w\" sizes=\"100vw\"><\/a>\n\t\t\t<\/div><\/figure><figure class=\"gallery-item\">\n\t\t\t<div class=\"gallery-icon landscape\">\n\t\t\t\t<a href=\"https:\/\/grandsoirproductions.com\/wp-content\/uploads\/2017\/03\/Rideau-Rouge-4.jpg\" title=\"Rideau Rouge 4\" data-description><img loading=\"lazy\" decoding=\"async\" width=\"100\" height=\"100\" src=\"https:\/\/grandsoirproductions.com\/wp-content\/uploads\/2017\/03\/Rideau-Rouge-4-100x100.jpg\" class=\"attachment-twentyseventeen-thumbnail-avatar size-twentyseventeen-thumbnail-avatar\" alt srcset=\"https:\/\/grandsoirproductions.com\/wp-content\/uploads\/2017\/03\/Rideau-Rouge-4-100x100.jpg 100w, https:\/\/grandsoirproductions.com\/wp-content\/uploads\/2017\/03\/Rideau-Rouge-4-150x150.jpg 150w\" sizes=\"100vw\"><\/a>\n\t\t\t<\/div><\/figure><figure class=\"gallery-item\">\n\t\t\t<div class=\"gallery-icon portrait\">\n\t\t\t\t<a href=\"https:\/\/grandsoirproductions.com\/wp-content\/uploads\/2017\/03\/Rideau-Rouge-9-1.jpg\" title=\"Rideau Rouge 9\" data-description><img loading=\"lazy\" decoding=\"async\" width=\"100\" height=\"100\" src=\"https:\/\/grandsoirproductions.com\/wp-content\/uploads\/2017\/03\/Rideau-Rouge-9-1-100x100.jpg\" class=\"attachment-twentyseventeen-thumbnail-avatar size-twentyseventeen-thumbnail-avatar\" alt srcset=\"https:\/\/grandsoirproductions.com\/wp-content\/uploads\/2017\/03\/Rideau-Rouge-9-1-100x100.jpg 100w, https:\/\/grandsoirproductions.com\/wp-content\/uploads\/2017\/03\/Rideau-Rouge-9-1-150x150.jpg 150w\" sizes=\"100vw\"><\/a>\n\t\t\t<\/div><\/figure>\n\t\t<\/div>\n\t\t\t\t\t\t\t\t<\/div>\n\t\t\t\t<\/div>\n\t\t\t\t\t<\/div>\n\t\t<\/div>\n\t\t\t\t\t<\/div>\n\t\t<\/section>\n\t\t\t\t<\/div>\n\t\t","protected":false},"excerpt":{"rendered":"<p>Un texte d\u00e9licat, le piano des Grands Romantiques Dans une premi\u00e8re lecture on peut penser que le Rideau Rouge est celui du th\u00e9\u00e2tre, ce qui n\u2019est pas un contre-sens\u2026 mais il faut aller un peu plus loin dans le spectacle pour comprendre qu\u2019il s\u2019agit en fait d\u2019un autre Rideau Rouge, celui qui isolait l\u2019Union Sovi\u00e9tique&nbsp;\u2026&nbsp;<\/p>\n<p class=\"link-more\"><a href=\"https:\/\/grandsoirproductions.com\/index.php\/grand-soir-spectacles\/le-rideau-rouge\/\" class=\"more-link\">Continuer la lecture<span class=\"screen-reader-text\"> de \u00ab&nbsp;<span class=\"caps\">LE<\/span> <span class=\"caps\">RIDEAU<\/span> <span class=\"caps\">ROUGE<\/span>&nbsp;\u00bb<\/span><\/a><\/p>\n","protected":false},"author":1,"featured_media":0,"parent":84,"menu_order":1,"comment_status":"closed","ping_status":"closed","template":"","meta":{"wp_typography_post_enhancements_disabled":false,"footnotes":""},"class_list":["post-104","page","type-page","status-publish","hentry","gallery-content-unit"],"_links":{"self":[{"href":"https:\/\/grandsoirproductions.com\/index.php\/wp-json\/wp\/v2\/pages\/104","targetHints":{"allow":["GET"]}}],"collection":[{"href":"https:\/\/grandsoirproductions.com\/index.php\/wp-json\/wp\/v2\/pages"}],"about":[{"href":"https:\/\/grandsoirproductions.com\/index.php\/wp-json\/wp\/v2\/types\/page"}],"author":[{"embeddable":true,"href":"https:\/\/grandsoirproductions.com\/index.php\/wp-json\/wp\/v2\/users\/1"}],"replies":[{"embeddable":true,"href":"https:\/\/grandsoirproductions.com\/index.php\/wp-json\/wp\/v2\/comments?post=104"}],"version-history":[{"count":32,"href":"https:\/\/grandsoirproductions.com\/index.php\/wp-json\/wp\/v2\/pages\/104\/revisions"}],"predecessor-version":[{"id":5654,"href":"https:\/\/grandsoirproductions.com\/index.php\/wp-json\/wp\/v2\/pages\/104\/revisions\/5654"}],"up":[{"embeddable":true,"href":"https:\/\/grandsoirproductions.com\/index.php\/wp-json\/wp\/v2\/pages\/84"}],"wp:attachment":[{"href":"https:\/\/grandsoirproductions.com\/index.php\/wp-json\/wp\/v2\/media?parent=104"}],"curies":[{"name":"wp","href":"https:\/\/api.w.org\/{rel}","templated":true}]}}