{"id":117,"date":"2017-03-10T23:09:55","date_gmt":"2017-03-10T22:09:55","guid":{"rendered":"http:\/\/grandsoirproductions.com\/?page_id=117"},"modified":"2025-11-04T09:46:46","modified_gmt":"2025-11-04T08:46:46","slug":"lhomme-de-musique","status":"publish","type":"page","link":"https:\/\/grandsoirproductions.com\/index.php\/grand-soir-spectacles\/lhomme-de-musique\/","title":{"rendered":"L\u2019HOMME <span class=\"caps\">DE<\/span> <span class=\"caps\">MUSIQUE<\/span>"},"content":{"rendered":"\t\t<div data-elementor-type=\"wp-page\" data-elementor-id=\"117\" class=\"elementor elementor-117\">\n\t\t\t\t\t\t<section class=\"elementor-section elementor-top-section elementor-element elementor-element-75a75f82 elementor-section-boxed elementor-section-height-default elementor-section-height-default\" data-id=\"75a75f82\" data-element_type=\"section\" data-e-type=\"section\">\n\t\t\t\t\t\t<div class=\"elementor-container elementor-column-gap-default\">\n\t\t\t\t\t<div class=\"elementor-column elementor-col-100 elementor-top-column elementor-element elementor-element-4fbc3bd9\" data-id=\"4fbc3bd9\" data-element_type=\"column\" data-e-type=\"column\">\n\t\t\t<div class=\"elementor-widget-wrap elementor-element-populated\">\n\t\t\t\t\t\t<div class=\"elementor-element elementor-element-48e5d70 elementor-widget elementor-widget-text-editor\" data-id=\"48e5d70\" data-element_type=\"widget\" data-e-type=\"widget\" data-widget_type=\"text-editor.default\">\n\t\t\t\t<div class=\"elementor-widget-container\">\n\t\t\t\t\t\t\t\t\t<p><\/p><div id=\"gallery-1\" class=\"gallery galleryid-117 gallery-columns-3 gallery-size-thumbnail\"><figure class=\"gallery-item\">\n\t\t\t<div class=\"gallery-icon landscape\">\n\t\t\t\t<a href=\"https:\/\/grandsoirproductions.com\/wp-content\/uploads\/2017\/03\/Homme-Musique-5.jpg\" title=\"L'Homme Musique\" data-description><img decoding=\"async\" width=\"150\" height=\"150\" src=\"https:\/\/grandsoirproductions.com\/wp-content\/uploads\/2017\/03\/Homme-Musique-5-150x150.jpg\" class=\"attachment-thumbnail size-thumbnail\" alt sizes=\"100vw\"><\/a>\n\t\t\t<\/div><\/figure><figure class=\"gallery-item\">\n\t\t\t<div class=\"gallery-icon landscape\">\n\t\t\t\t<a href=\"https:\/\/grandsoirproductions.com\/wp-content\/uploads\/2017\/03\/Homme-Musique-16.jpg\" title=\"Homme Musique 16\" data-description><img decoding=\"async\" width=\"150\" height=\"150\" src=\"https:\/\/grandsoirproductions.com\/wp-content\/uploads\/2017\/03\/Homme-Musique-16-150x150.jpg\" class=\"attachment-thumbnail size-thumbnail\" alt sizes=\"100vw\"><\/a>\n\t\t\t<\/div><\/figure><figure class=\"gallery-item\">\n\t\t\t<div class=\"gallery-icon portrait\">\n\t\t\t\t<a href=\"https:\/\/grandsoirproductions.com\/wp-content\/uploads\/2017\/03\/Homme-Musique-7-e1676452056737.jpeg\" title=\"Homme Musique 7\" data-description><img decoding=\"async\" width=\"150\" height=\"150\" src=\"https:\/\/grandsoirproductions.com\/wp-content\/uploads\/2017\/03\/Homme-Musique-7-e1676452056737-150x150.jpeg\" class=\"attachment-thumbnail size-thumbnail\" alt srcset=\"https:\/\/grandsoirproductions.com\/wp-content\/uploads\/2017\/03\/Homme-Musique-7-e1676452056737-150x150.jpeg 150w, https:\/\/grandsoirproductions.com\/wp-content\/uploads\/2017\/03\/Homme-Musique-7-e1676452056737-100x100.jpeg 100w\" sizes=\"100vw\"><\/a>\n\t\t\t<\/div><\/figure><figure class=\"gallery-item\">\n\t\t\t<div class=\"gallery-icon landscape\">\n\t\t\t\t<a href=\"https:\/\/grandsoirproductions.com\/wp-content\/uploads\/2017\/03\/Homme-Musique-8.jpg\" title=\"Homme Musique 8\" data-description><img loading=\"lazy\" decoding=\"async\" width=\"150\" height=\"150\" src=\"https:\/\/grandsoirproductions.com\/wp-content\/uploads\/2017\/03\/Homme-Musique-8-150x150.jpg\" class=\"attachment-thumbnail size-thumbnail\" alt sizes=\"100vw\"><\/a>\n\t\t\t<\/div><\/figure><figure class=\"gallery-item\">\n\t\t\t<div class=\"gallery-icon portrait\">\n\t\t\t\t<a href=\"https:\/\/grandsoirproductions.com\/wp-content\/uploads\/2017\/03\/Homme-Musique-4-e1676452017219.jpeg\" title=\"Homme Musique 4\" data-description><img loading=\"lazy\" decoding=\"async\" width=\"150\" height=\"150\" src=\"https:\/\/grandsoirproductions.com\/wp-content\/uploads\/2017\/03\/Homme-Musique-4-e1676452017219-150x150.jpeg\" class=\"attachment-thumbnail size-thumbnail\" alt srcset=\"https:\/\/grandsoirproductions.com\/wp-content\/uploads\/2017\/03\/Homme-Musique-4-e1676452017219-150x150.jpeg 150w, https:\/\/grandsoirproductions.com\/wp-content\/uploads\/2017\/03\/Homme-Musique-4-e1676452017219-100x100.jpeg 100w\" sizes=\"100vw\"><\/a>\n\t\t\t<\/div><\/figure>\n\t\t<\/div>\n<h2 class=\"font_8\"><strong><span style=\"color: #ff00ff;\"><span class=\"color_10\">Une histoire \u00e9mouvante,&nbsp;<\/span><span class=\"color_10\">une musique pleine de sensibilit\u00e9<\/span><\/span><\/strong><\/h2><p class=\"font_8\"><span class=\"color_10\"><span style=\"color: #000000;\">Nous sommes invit\u00e9s \u00e0 p\u00e9n\u00e9trer dans l\u2019appartement parisien d\u2019un ancien professeur de conservatoire qui va&nbsp;tenter de retrouver son pass\u00e9, au travers d\u2019une relation in\u00e9dite avec un jeune musicien. Si la confrontation&nbsp;sera parfois rude, un secret qui unit, sans qu\u2019ils le sachent, les deux hommes donnera sens \u00e0 leur rencontre.<\/span><br><\/span><\/p><p class=\"font_8\"><span class=\"color_10\" style=\"color: #000000;\">Ce spectacle est port\u00e9 par un romantisme exarcerb\u00e9 que l\u2019on retrouve autant dans&nbsp;le choix des mots, que G\u00e9rard de Gissac cis\u00e8le \u00e0 la mani\u00e8re d\u2019un joaillier, que celui des notes&nbsp;emprunt\u00e9es aux grandes partitions musicales de Rachmaninov, Schubert, Mozart\u2026 Sans oublier&nbsp;l\u2019\u00e9nigme qui constitue la trame de cette histoire au d\u00e9nouement inattendu.<\/span><\/p><hr>\t\t\t\t\t\t\t\t<\/div>\n\t\t\t\t<\/div>\n\t\t\t\t\t<\/div>\n\t\t<\/div>\n\t\t\t\t\t<\/div>\n\t\t<\/section>\n\t\t\t\t<\/div>\n\t\t","protected":false},"excerpt":{"rendered":"<p>Une histoire \u00e9mouvante,&nbsp;une musique pleine de sensibilit\u00e9 Nous sommes invit\u00e9s \u00e0 p\u00e9n\u00e9trer dans l\u2019appartement parisien d\u2019un ancien professeur de conservatoire qui va&nbsp;tenter de retrouver son pass\u00e9, au travers d\u2019une relation in\u00e9dite avec un jeune musicien. Si la confrontation&nbsp;sera parfois rude, un secret qui unit, sans qu\u2019ils le sachent, les deux hommes donnera sens \u00e0&nbsp;leur&nbsp;\u2026&nbsp;<\/p>\n<p class=\"link-more\"><a href=\"https:\/\/grandsoirproductions.com\/index.php\/grand-soir-spectacles\/lhomme-de-musique\/\" class=\"more-link\">Continuer la lecture<span class=\"screen-reader-text\"> de \u00ab&nbsp;L\u2019<span class=\"caps\">HOMME<\/span> <span class=\"caps\">DE<\/span> <span class=\"caps\">MUSIQUE<\/span>&nbsp;\u00bb<\/span><\/a><\/p>\n","protected":false},"author":1,"featured_media":0,"parent":84,"menu_order":2,"comment_status":"closed","ping_status":"closed","template":"","meta":{"wp_typography_post_enhancements_disabled":false,"footnotes":""},"class_list":["post-117","page","type-page","status-publish","hentry","gallery-content-unit"],"_links":{"self":[{"href":"https:\/\/grandsoirproductions.com\/index.php\/wp-json\/wp\/v2\/pages\/117","targetHints":{"allow":["GET"]}}],"collection":[{"href":"https:\/\/grandsoirproductions.com\/index.php\/wp-json\/wp\/v2\/pages"}],"about":[{"href":"https:\/\/grandsoirproductions.com\/index.php\/wp-json\/wp\/v2\/types\/page"}],"author":[{"embeddable":true,"href":"https:\/\/grandsoirproductions.com\/index.php\/wp-json\/wp\/v2\/users\/1"}],"replies":[{"embeddable":true,"href":"https:\/\/grandsoirproductions.com\/index.php\/wp-json\/wp\/v2\/comments?post=117"}],"version-history":[{"count":29,"href":"https:\/\/grandsoirproductions.com\/index.php\/wp-json\/wp\/v2\/pages\/117\/revisions"}],"predecessor-version":[{"id":5651,"href":"https:\/\/grandsoirproductions.com\/index.php\/wp-json\/wp\/v2\/pages\/117\/revisions\/5651"}],"up":[{"embeddable":true,"href":"https:\/\/grandsoirproductions.com\/index.php\/wp-json\/wp\/v2\/pages\/84"}],"wp:attachment":[{"href":"https:\/\/grandsoirproductions.com\/index.php\/wp-json\/wp\/v2\/media?parent=117"}],"curies":[{"name":"wp","href":"https:\/\/api.w.org\/{rel}","templated":true}]}}