{"id":129,"date":"2017-03-12T22:02:23","date_gmt":"2017-03-12T21:02:23","guid":{"rendered":"http:\/\/grandsoirproductions.com\/?page_id=129"},"modified":"2025-11-04T09:49:56","modified_gmt":"2025-11-04T08:49:56","slug":"le-piano-blanc","status":"publish","type":"page","link":"https:\/\/grandsoirproductions.com\/index.php\/grand-soir-spectacles\/le-piano-blanc\/","title":{"rendered":"<span class=\"caps\">LE<\/span> <span class=\"caps\">PIANO<\/span>&nbsp;<span class=\"caps\">BLANC<\/span>"},"content":{"rendered":"\t\t<div data-elementor-type=\"wp-page\" data-elementor-id=\"129\" class=\"elementor elementor-129\">\n\t\t\t\t\t\t<section class=\"elementor-section elementor-top-section elementor-element elementor-element-58bc8bd7 elementor-section-boxed elementor-section-height-default elementor-section-height-default\" data-id=\"58bc8bd7\" data-element_type=\"section\" data-e-type=\"section\">\n\t\t\t\t\t\t<div class=\"elementor-container elementor-column-gap-default\">\n\t\t\t\t\t<div class=\"elementor-column elementor-col-100 elementor-top-column elementor-element elementor-element-7e720ec6\" data-id=\"7e720ec6\" data-element_type=\"column\" data-e-type=\"column\">\n\t\t\t<div class=\"elementor-widget-wrap elementor-element-populated\">\n\t\t\t\t\t\t<div class=\"elementor-element elementor-element-264b5f0f elementor-widget elementor-widget-text-editor\" data-id=\"264b5f0f\" data-element_type=\"widget\" data-e-type=\"widget\" data-widget_type=\"text-editor.default\">\n\t\t\t\t<div class=\"elementor-widget-container\">\n\t\t\t\t\t\t\t\t\t<h2 class=\"font_2\"><strong><span style=\"color: #e69d0b;\"><span class=\"dquo\">\u201c<\/span>Moi, Nicolas,&nbsp;<\/span><span style=\"color: #e69d0b;\">Homme bless\u00e9&nbsp;<\/span><\/strong><span style=\"color: #e69d0b;\"><strong>et Pianiste d\u2019exception\u201d<\/strong><br><\/span><\/h2><p><span class=\"color_10\" style=\"color: #333333;\">Un jeune et talentueux pianiste est intern\u00e9 dans un h\u00f4pital psychiatrique. Le m\u00e9decin auquel il a \u00e9t\u00e9 confi\u00e9 a fait installer un piano dans sa chambre,<br>afin d\u2019\u00e9viter le total isolement dans lequel le&nbsp;drame qu\u2019il vient de vivre l\u2019a plong\u00e9. Un piano blanc, qui se confond \u00e0 son univers d\u2019enfermement.&nbsp;<\/span><\/p><p class=\"font_8\"><span class=\"color_10\" style=\"color: #333333;\">Mais la blessure est profonde et un dialogue difficile s\u2019installe entre les deux hommes. Le&nbsp;psychiatre parviendra-t-il \u00e0 surmonter l\u2019attitude agressive que lui oppose le jeune patient ou va-t-il&nbsp;se laisser engloutir dans la passion que lui inspire ce malade si diff\u00e9rent&nbsp;?<\/span><\/p><p><span style=\"color: #333333;\">Dans cette pi\u00e8ce, pianiste et narrateur se confondent dans une partition double, dont ils jouent&nbsp;tous deux pour exprimer les sentiments humains dans leur plus grande diversit\u00e9. Car&nbsp;c\u2019est toujours l\u2019homme qui est au centre des \u00e9crits de G\u00e9rard de Gissac, qu\u2019il l\u2019\u00e9voque dans un&nbsp;d\u00e9cor historique (Le Rideau Rouge), moderne (L\u2019Homme de Musique) ou r\u00e9solument&nbsp;d\u2019aujourd\u2019hui avec ce Piano Blanc, dont le programme musical se compose d\u2019\u0153uvres de&nbsp;Schumann, Tcha\u00efkovski, Scriabine, Mendelssohn\u2026<\/span><\/p><p>&nbsp;<\/p>\t\t\t\t\t\t\t\t<\/div>\n\t\t\t\t<\/div>\n\t\t\t\t\t<\/div>\n\t\t<\/div>\n\t\t\t\t\t<\/div>\n\t\t<\/section>\n\t\t\t\t<\/div>\n\t\t","protected":false},"excerpt":{"rendered":"<p><span class=\"dquo\">\u201c<\/span>Moi, Nicolas,&nbsp;Homme bless\u00e9&nbsp;et Pianiste d\u2019exception\u201d Un jeune et talentueux pianiste est intern\u00e9 dans un h\u00f4pital psychiatrique. Le m\u00e9decin auquel il a \u00e9t\u00e9 confi\u00e9 a fait installer un piano dans sa chambre,afin d\u2019\u00e9viter le total isolement dans lequel le&nbsp;drame qu\u2019il vient de vivre l\u2019a plong\u00e9. Un piano blanc, qui se confond \u00e0 son univers d\u2019enfermement.&nbsp; Mais&nbsp;\u2026&nbsp;<\/p>\n<p class=\"link-more\"><a href=\"https:\/\/grandsoirproductions.com\/index.php\/grand-soir-spectacles\/le-piano-blanc\/\" class=\"more-link\">Continuer la lecture<span class=\"screen-reader-text\"> de \u00ab&nbsp;<span class=\"caps\">LE<\/span> <span class=\"caps\">PIANO<\/span>&nbsp;<span class=\"caps\">BLANC<\/span>&nbsp;\u00bb<\/span><\/a><\/p>\n","protected":false},"author":1,"featured_media":0,"parent":84,"menu_order":3,"comment_status":"closed","ping_status":"closed","template":"","meta":{"wp_typography_post_enhancements_disabled":false,"footnotes":""},"class_list":["post-129","page","type-page","status-publish","hentry","gallery-content-unit"],"_links":{"self":[{"href":"https:\/\/grandsoirproductions.com\/index.php\/wp-json\/wp\/v2\/pages\/129","targetHints":{"allow":["GET"]}}],"collection":[{"href":"https:\/\/grandsoirproductions.com\/index.php\/wp-json\/wp\/v2\/pages"}],"about":[{"href":"https:\/\/grandsoirproductions.com\/index.php\/wp-json\/wp\/v2\/types\/page"}],"author":[{"embeddable":true,"href":"https:\/\/grandsoirproductions.com\/index.php\/wp-json\/wp\/v2\/users\/1"}],"replies":[{"embeddable":true,"href":"https:\/\/grandsoirproductions.com\/index.php\/wp-json\/wp\/v2\/comments?post=129"}],"version-history":[{"count":27,"href":"https:\/\/grandsoirproductions.com\/index.php\/wp-json\/wp\/v2\/pages\/129\/revisions"}],"predecessor-version":[{"id":5657,"href":"https:\/\/grandsoirproductions.com\/index.php\/wp-json\/wp\/v2\/pages\/129\/revisions\/5657"}],"up":[{"embeddable":true,"href":"https:\/\/grandsoirproductions.com\/index.php\/wp-json\/wp\/v2\/pages\/84"}],"wp:attachment":[{"href":"https:\/\/grandsoirproductions.com\/index.php\/wp-json\/wp\/v2\/media?parent=129"}],"curies":[{"name":"wp","href":"https:\/\/api.w.org\/{rel}","templated":true}]}}