{"id":38,"date":"2017-03-07T21:57:18","date_gmt":"2017-03-07T20:57:18","guid":{"rendered":"http:\/\/grandsoirproductions.com\/?page_id=38"},"modified":"2023-02-15T10:21:51","modified_gmt":"2023-02-15T09:21:51","slug":"grand-soir-concepts","status":"publish","type":"page","link":"https:\/\/grandsoirproductions.com\/index.php\/grand-soir-concepts\/","title":{"rendered":"<span class=\"caps\">GRAND<\/span> <span class=\"caps\">SOIR<\/span> <span class=\"caps\">CONCEPTS<\/span>"},"content":{"rendered":"\t\t<div data-elementor-type=\"wp-page\" data-elementor-id=\"38\" class=\"elementor elementor-38\">\n\t\t\t\t\t\t<section class=\"elementor-section elementor-top-section elementor-element elementor-element-10721e74 elementor-section-boxed elementor-section-height-default elementor-section-height-default\" data-id=\"10721e74\" data-element_type=\"section\" data-e-type=\"section\">\n\t\t\t\t\t\t<div class=\"elementor-container elementor-column-gap-default\">\n\t\t\t\t\t<div class=\"elementor-column elementor-col-100 elementor-top-column elementor-element elementor-element-4a101ecd\" data-id=\"4a101ecd\" data-element_type=\"column\" data-e-type=\"column\">\n\t\t\t<div class=\"elementor-widget-wrap elementor-element-populated\">\n\t\t\t\t\t\t<div class=\"elementor-element elementor-element-1ca357c1 elementor-widget elementor-widget-text-editor\" data-id=\"1ca357c1\" data-element_type=\"widget\" data-e-type=\"widget\" data-widget_type=\"text-editor.default\">\n\t\t\t\t<div class=\"elementor-widget-container\">\n\t\t\t\t\t\t\t\t\t<h1 class=\"font_8\"><strong><span style=\"color: #ff00ff;\"><span class=\"caps\">LE<\/span> <span class=\"caps\">SP\u00c9CIALISTE<\/span> <span class=\"caps\">DE<\/span> L\u2019ING\u00c9NIERIE <span class=\"caps\">CULTURELLE<\/span><\/span><\/strong><\/h1><p><span class=\"color_10\"><img fetchpriority=\"high\" decoding=\"async\" class=\"alignleft wp-image-4759 size-full\" src=\"https:\/\/grandsoirproductions.com\/wp-content\/uploads\/2023\/02\/gears-gfbcd18ce4_640.jpg\" alt width=\"640\" height=\"427\" srcset=\"https:\/\/grandsoirproductions.com\/wp-content\/uploads\/2023\/02\/gears-gfbcd18ce4_640.jpg 640w, https:\/\/grandsoirproductions.com\/wp-content\/uploads\/2023\/02\/gears-gfbcd18ce4_640-300x200.jpg 300w\" sizes=\"(max-width: 640px) 100vw, 640px\"><\/span><\/p><p>&nbsp;<\/p><p>&nbsp;<\/p><p>&nbsp;<\/p><p>&nbsp;<\/p><p>&nbsp;<\/p><p>&nbsp;<\/p><p>&nbsp;<\/p><p>&nbsp;<\/p><p>&nbsp;<\/p><p class=\"font_8\"><span style=\"color: #000000;\"><span class=\"color_10\">Avec plus de 20 ans d\u2019exp\u00e9rience dans le secteur&nbsp;culturel,&nbsp;<\/span><span class=\"color_10\">l\u2019\u00e9quipe de Grand Soir Concepts&nbsp;:<\/span><\/span><\/p><p class=\"font_8\"><span class=\"color_10\" style=\"color: #000000;\">- imagine&nbsp;et propose&nbsp;aux collectivit\u00e9s locales des&nbsp;projets qui prennent en compte leur identit\u00e9 et leurs besoins en mati\u00e8re&nbsp;d\u2019action culturelle. Il concerne notamment l\u2019organisation de festivals, de&nbsp;grands week-ends, de rendez-vous mensuels ou d\u2019op\u00e9rations ponctuelles&nbsp;autour de la Musique Classique, du Th\u00e9\u00e2tre ou de la&nbsp;Danse.<\/span><\/p><p class=\"font_8\"><span class=\"color_10\" style=\"color: #000000;\">- vous accompagne&nbsp;dans la gestion de votre association ou structure culturelle,&nbsp;r\u00e9alise les t\u00e2ches administratives par d\u00e9l\u00e9gation,<\/span><\/p><p class=\"font_8\"><span class=\"color_10\" style=\"color: #000000;\">- met \u00e0 votre service son expertise dans le domaine de la cr\u00e9ation d\u2019\u00e9v\u00e9nements, soir\u00e9es culturelles priv\u00e9es, r\u00e9citals,&nbsp;ou manifestations&nbsp;artistiques. De la cr\u00e9ation \u00e0 la r\u00e9alisation, nous devenons votre producteur d\u00e9l\u00e9gu\u00e9&nbsp;: Organisation, gestion, administration, communication, autant de savoir-faires ma\u00eetris\u00e9s par Grand Soir Concepts&nbsp;qui prend&nbsp;en charge votre projet.<\/span><\/p><p class=\"font_8\"><span class=\"color_10\" style=\"color: #000000;\">- imagine et r\u00e9alise une programmation culturelle vari\u00e9e de qualit\u00e9,&nbsp;tous publics ou plus sp\u00e9cifique,&nbsp;en s\u2019adaptant \u00e0 votre budget et vos contraintes.<\/span><\/p>\t\t\t\t\t\t\t\t<\/div>\n\t\t\t\t<\/div>\n\t\t\t\t\t<\/div>\n\t\t<\/div>\n\t\t\t\t\t<\/div>\n\t\t<\/section>\n\t\t\t\t<section class=\"elementor-section elementor-top-section elementor-element elementor-element-3ede791 elementor-section-boxed elementor-section-height-default elementor-section-height-default\" data-id=\"3ede791\" data-element_type=\"section\" data-e-type=\"section\">\n\t\t\t\t\t\t<div class=\"elementor-container elementor-column-gap-default\">\n\t\t\t\t\t<div class=\"elementor-column elementor-col-100 elementor-top-column elementor-element elementor-element-41a4025\" data-id=\"41a4025\" data-element_type=\"column\" data-e-type=\"column\">\n\t\t\t<div class=\"elementor-widget-wrap elementor-element-populated\">\n\t\t\t\t\t\t<div class=\"elementor-element elementor-element-dfa75c0 elementor-widget elementor-widget-text-editor\" data-id=\"dfa75c0\" data-element_type=\"widget\" data-e-type=\"widget\" data-widget_type=\"text-editor.default\">\n\t\t\t\t<div class=\"elementor-widget-container\">\n\t\t\t\t\t\t\t\t\t<p>Image : Pixabay<\/p>\t\t\t\t\t\t\t\t<\/div>\n\t\t\t\t<\/div>\n\t\t\t\t\t<\/div>\n\t\t<\/div>\n\t\t\t\t\t<\/div>\n\t\t<\/section>\n\t\t\t\t<\/div>\n\t\t","protected":false},"excerpt":{"rendered":"<p><span class=\"caps\">LE<\/span> <span class=\"caps\">SP\u00c9CIALISTE<\/span> <span class=\"caps\">DE<\/span> L\u2019<span class=\"caps\">ING\u00c9NIERIE<\/span> <span class=\"caps\">CULTURELLE<\/span> &nbsp; &nbsp; &nbsp; &nbsp; &nbsp; &nbsp; &nbsp; &nbsp; &nbsp; Avec plus de 20 ans d\u2019exp\u00e9rience dans le secteur&nbsp;culturel,&nbsp;l\u2019\u00e9quipe de Grand Soir Concepts&nbsp;: \u2014 imagine&nbsp;et propose&nbsp;aux collectivit\u00e9s locales des&nbsp;projets qui prennent en compte leur identit\u00e9 et leurs besoins en mati\u00e8re&nbsp;d\u2019action culturelle. Il concerne notamment l\u2019organisation de festivals, de&nbsp;grands week-ends, de rendez-vous&nbsp;\u2026&nbsp;<\/p>\n<p class=\"link-more\"><a href=\"https:\/\/grandsoirproductions.com\/index.php\/grand-soir-concepts\/\" class=\"more-link\">Continuer la lecture<span class=\"screen-reader-text\"> de \u00ab&nbsp;<span class=\"caps\">GRAND<\/span> <span class=\"caps\">SOIR<\/span> <span class=\"caps\">CONCEPTS<\/span>&nbsp;\u00bb<\/span><\/a><\/p>\n","protected":false},"author":1,"featured_media":0,"parent":0,"menu_order":3,"comment_status":"closed","ping_status":"closed","template":"","meta":{"wp_typography_post_enhancements_disabled":false,"footnotes":""},"class_list":["post-38","page","type-page","status-publish","hentry","gallery-content-unit"],"_links":{"self":[{"href":"https:\/\/grandsoirproductions.com\/index.php\/wp-json\/wp\/v2\/pages\/38","targetHints":{"allow":["GET"]}}],"collection":[{"href":"https:\/\/grandsoirproductions.com\/index.php\/wp-json\/wp\/v2\/pages"}],"about":[{"href":"https:\/\/grandsoirproductions.com\/index.php\/wp-json\/wp\/v2\/types\/page"}],"author":[{"embeddable":true,"href":"https:\/\/grandsoirproductions.com\/index.php\/wp-json\/wp\/v2\/users\/1"}],"replies":[{"embeddable":true,"href":"https:\/\/grandsoirproductions.com\/index.php\/wp-json\/wp\/v2\/comments?post=38"}],"version-history":[{"count":29,"href":"https:\/\/grandsoirproductions.com\/index.php\/wp-json\/wp\/v2\/pages\/38\/revisions"}],"predecessor-version":[{"id":4765,"href":"https:\/\/grandsoirproductions.com\/index.php\/wp-json\/wp\/v2\/pages\/38\/revisions\/4765"}],"wp:attachment":[{"href":"https:\/\/grandsoirproductions.com\/index.php\/wp-json\/wp\/v2\/media?parent=38"}],"curies":[{"name":"wp","href":"https:\/\/api.w.org\/{rel}","templated":true}]}}