{"id":4417,"date":"2022-10-21T22:43:58","date_gmt":"2022-10-21T20:43:58","guid":{"rendered":"https:\/\/grandsoirproductions.com\/?page_id=4417"},"modified":"2023-02-02T19:36:32","modified_gmt":"2023-02-02T18:36:32","slug":"la-nuit-du-piano","status":"publish","type":"page","link":"https:\/\/grandsoirproductions.com\/index.php\/la-nuit-du-piano\/","title":{"rendered":"<span class=\"caps\">LE<\/span> <span class=\"caps\">GRAND<\/span> <span class=\"caps\">SOIR<\/span> <span class=\"caps\">DU<\/span>&nbsp;<span class=\"caps\">PIANO<\/span>"},"content":{"rendered":"\t\t<div data-elementor-type=\"wp-page\" data-elementor-id=\"4417\" class=\"elementor elementor-4417\">\n\t\t\t\t\t\t<section class=\"elementor-section elementor-top-section elementor-element elementor-element-70e091b elementor-section-boxed elementor-section-height-default elementor-section-height-default\" data-id=\"70e091b\" data-element_type=\"section\" data-e-type=\"section\">\n\t\t\t\t\t\t<div class=\"elementor-container elementor-column-gap-default\">\n\t\t\t\t\t<div class=\"elementor-column elementor-col-100 elementor-top-column elementor-element elementor-element-bc153bd\" data-id=\"bc153bd\" data-element_type=\"column\" data-e-type=\"column\">\n\t\t\t<div class=\"elementor-widget-wrap elementor-element-populated\">\n\t\t\t\t\t\t<section class=\"elementor-section elementor-inner-section elementor-element elementor-element-030ec5d elementor-section-boxed elementor-section-height-default elementor-section-height-default\" data-id=\"030ec5d\" data-element_type=\"section\" data-e-type=\"section\">\n\t\t\t\t\t\t<div class=\"elementor-container elementor-column-gap-default\">\n\t\t\t\t\t<div class=\"elementor-column elementor-col-50 elementor-inner-column elementor-element elementor-element-8ab8f9d\" data-id=\"8ab8f9d\" data-element_type=\"column\" data-e-type=\"column\">\n\t\t\t<div class=\"elementor-widget-wrap elementor-element-populated\">\n\t\t\t\t\t\t<div class=\"elementor-element elementor-element-4cf9ade elementor-widget elementor-widget-image\" data-id=\"4cf9ade\" data-element_type=\"widget\" data-e-type=\"widget\" data-widget_type=\"image.default\">\n\t\t\t\t<div class=\"elementor-widget-container\">\n\t\t\t\t\t\t\t\t\t\t\t\t\t\t\t<img fetchpriority=\"high\" decoding=\"async\" width=\"724\" height=\"1024\" src=\"https:\/\/grandsoirproductions.com\/wp-content\/uploads\/2022\/11\/Nuit-du-Piano-2022-724x1024.jpg\" class=\"attachment-large size-large wp-image-4482\" alt srcset=\"https:\/\/grandsoirproductions.com\/wp-content\/uploads\/2022\/11\/Nuit-du-Piano-2022-724x1024.jpg 724w, https:\/\/grandsoirproductions.com\/wp-content\/uploads\/2022\/11\/Nuit-du-Piano-2022-212x300.jpg 212w, https:\/\/grandsoirproductions.com\/wp-content\/uploads\/2022\/11\/Nuit-du-Piano-2022-768x1086.jpg 768w, https:\/\/grandsoirproductions.com\/wp-content\/uploads\/2022\/11\/Nuit-du-Piano-2022-1086x1536.jpg 1086w, https:\/\/grandsoirproductions.com\/wp-content\/uploads\/2022\/11\/Nuit-du-Piano-2022-1448x2048.jpg 1448w, https:\/\/grandsoirproductions.com\/wp-content\/uploads\/2022\/11\/Nuit-du-Piano-2022-scaled.jpg 1810w\" sizes=\"100vw\">\t\t\t\t\t\t\t\t\t\t\t\t\t\t\t<\/div>\n\t\t\t\t<\/div>\n\t\t\t\t<div class=\"elementor-element elementor-element-66d3483 elementor-align-center elementor-widget elementor-widget-button\" data-id=\"66d3483\" data-element_type=\"widget\" data-e-type=\"widget\" data-widget_type=\"button.default\">\n\t\t\t\t<div class=\"elementor-widget-container\">\n\t\t\t\t\t\t\t\t\t<div class=\"elementor-button-wrapper\">\n\t\t\t\t\t<a class=\"elementor-button elementor-button-link elementor-size-sm\" href=\"https:\/\/www.helloasso.com\/associations\/grand-soir-productions\/evenements\/la-nuit-du-piano\" target=\"_blank\">\n\t\t\t\t\t\t<span class=\"elementor-button-content-wrapper\">\n\t\t\t\t\t\t\t\t\t<span class=\"elementor-button-text\">R\u00e9servez ici !<\/span>\n\t\t\t\t\t<\/span>\n\t\t\t\t\t<\/a>\n\t\t\t\t<\/div>\n\t\t\t\t\t\t\t\t<\/div>\n\t\t\t\t<\/div>\n\t\t\t\t\t<\/div>\n\t\t<\/div>\n\t\t\t\t<div class=\"elementor-column elementor-col-50 elementor-inner-column elementor-element elementor-element-163ef60\" data-id=\"163ef60\" data-element_type=\"column\" data-e-type=\"column\">\n\t\t\t<div class=\"elementor-widget-wrap elementor-element-populated\">\n\t\t\t\t\t\t<div class=\"elementor-element elementor-element-61be511 elementor-widget elementor-widget-text-editor\" data-id=\"61be511\" data-element_type=\"widget\" data-e-type=\"widget\" data-widget_type=\"text-editor.default\">\n\t\t\t\t<div class=\"elementor-widget-container\">\n\t\t\t\t\t\t\t\t\t<p><span class=\"caps\">LE<\/span> <span class=\"caps\">GRAND<\/span> <span class=\"caps\">SOIR<\/span> <span class=\"caps\">DU<\/span>&nbsp;<span class=\"caps\">PIANO<\/span><\/p><p>avec Nicolas <span class=\"caps\">COLLINET<\/span> \u2014 Gr\u00e9gory <span class=\"caps\">LEONTI<\/span> \u2014 Xavier <span class=\"caps\">LOCUS<\/span><\/p><p>Organis\u00e9 autour de trois pianistes effectuant une carri\u00e8re internationale, le Grand Soir du Piano propose une programmation \u00e0 2, 4 et 6 mains, autour des plus belles pages du r\u00e9pertoire qui ira \u00e0 la rencontre d\u2019un large public, y compris non sp\u00e9cialiste, amateur de belle musique classique.<br><br>La soir\u00e9e vous proposera&nbsp;:<\/p><div>Les Grands Soli de&nbsp;Piano<\/div><div>Le Piano \u00e0 4&nbsp;mains&nbsp;<\/div><div>Le Piano \u00e0 6&nbsp;mains<\/div><div>&nbsp;<\/div><p>De Chopin \u00e0 Gounod, de Ravel \u00e0 Brahms, de Moussorgsky \u00e0 Saint-Sa\u00ebns ou Poulenc, de Rachmaninov \u00e0 Bizet, les plus grandes pages du classique sont au rendez-vous pour plaire au plus grand nombre&nbsp;!<\/p>\t\t\t\t\t\t\t\t<\/div>\n\t\t\t\t<\/div>\n\t\t\t\t\t<\/div>\n\t\t<\/div>\n\t\t\t\t\t<\/div>\n\t\t<\/section>\n\t\t\t\t\t<\/div>\n\t\t<\/div>\n\t\t\t\t\t<\/div>\n\t\t<\/section>\n\t\t\t\t<\/div>\n\t\t","protected":false},"excerpt":{"rendered":"<p>R\u00e9servez ici&nbsp;! <span class=\"caps\">LE<\/span> <span class=\"caps\">GRAND<\/span> <span class=\"caps\">SOIR<\/span> <span class=\"caps\">DU<\/span>&nbsp;<span class=\"caps\">PIANO<\/span> avec Nicolas <span class=\"caps\">COLLINET<\/span> \u2014 Gr\u00e9gory <span class=\"caps\">LEONTI<\/span> \u2014 Xavier <span class=\"caps\">LOCUS<\/span> Organis\u00e9 autour de trois pianistes effectuant une carri\u00e8re internationale, le Grand Soir du Piano propose une programmation \u00e0 2, 4 et 6 mains, autour des plus belles pages du r\u00e9pertoire qui ira \u00e0 la rencontre d\u2019un large public, y compris&nbsp;\u2026&nbsp;<\/p>\n<p class=\"link-more\"><a href=\"https:\/\/grandsoirproductions.com\/index.php\/la-nuit-du-piano\/\" class=\"more-link\">Continuer la lecture<span class=\"screen-reader-text\"> de \u00ab&nbsp;<span class=\"caps\">LE<\/span> <span class=\"caps\">GRAND<\/span> <span class=\"caps\">SOIR<\/span> <span class=\"caps\">DU<\/span>&nbsp;<span class=\"caps\">PIANO<\/span>&nbsp;\u00bb<\/span><\/a><\/p>\n","protected":false},"author":1,"featured_media":0,"parent":0,"menu_order":0,"comment_status":"closed","ping_status":"closed","template":"","meta":{"wp_typography_post_enhancements_disabled":false,"footnotes":""},"class_list":["post-4417","page","type-page","status-publish","hentry","gallery-content-unit"],"_links":{"self":[{"href":"https:\/\/grandsoirproductions.com\/index.php\/wp-json\/wp\/v2\/pages\/4417","targetHints":{"allow":["GET"]}}],"collection":[{"href":"https:\/\/grandsoirproductions.com\/index.php\/wp-json\/wp\/v2\/pages"}],"about":[{"href":"https:\/\/grandsoirproductions.com\/index.php\/wp-json\/wp\/v2\/types\/page"}],"author":[{"embeddable":true,"href":"https:\/\/grandsoirproductions.com\/index.php\/wp-json\/wp\/v2\/users\/1"}],"replies":[{"embeddable":true,"href":"https:\/\/grandsoirproductions.com\/index.php\/wp-json\/wp\/v2\/comments?post=4417"}],"version-history":[{"count":17,"href":"https:\/\/grandsoirproductions.com\/index.php\/wp-json\/wp\/v2\/pages\/4417\/revisions"}],"predecessor-version":[{"id":4715,"href":"https:\/\/grandsoirproductions.com\/index.php\/wp-json\/wp\/v2\/pages\/4417\/revisions\/4715"}],"wp:attachment":[{"href":"https:\/\/grandsoirproductions.com\/index.php\/wp-json\/wp\/v2\/media?parent=4417"}],"curies":[{"name":"wp","href":"https:\/\/api.w.org\/{rel}","templated":true}]}}