{"id":462,"date":"2017-03-21T00:47:34","date_gmt":"2017-03-20T23:47:34","guid":{"rendered":"http:\/\/grandsoirproductions.com\/?page_id=462"},"modified":"2025-03-19T10:08:18","modified_gmt":"2025-03-19T09:08:18","slug":"mentions-legales","status":"publish","type":"page","link":"https:\/\/grandsoirproductions.com\/index.php\/mentions-legales\/","title":{"rendered":"Mentions l\u00e9gales"},"content":{"rendered":"<p>Le site www.grandsoirproductions.com est la propri\u00e9t\u00e9 de l\u2019Association Grand Soir Productions (<span class=\"caps\">SIRET<\/span> : 52976244500037)<\/p>\n<p>Directeur de la publication et maintenance : Manuel <span class=\"caps\">SEBASTIAN<\/span><\/p>\n<p>H\u00e9bergement : <span class=\"caps\">OVH<\/span>.com<\/p>\n<p><strong>Respect l\u00e9gal et finalit\u00e9 des donn\u00e9es<\/strong><\/p>\n<p>Conform\u00e9ment \u00e0 la loi informatique et libert\u00e9s du 6 janvier 1978, vous disposez d\u2019un droit d\u2019acc\u00e8s et de rectification aux donn\u00e9es personnelles vous concernant. Si vous souhaitez exercer ce droit, il suffit d\u2019envoyer un message \u00e0 :&nbsp;<a href=\"mailto:grandsoirproductions@gmail.com\" target=\"_self\">grandsoirproductions[a]gmail.com<\/a><\/p>\n<p>Dans un souci de parfaite confidentialit\u00e9, Grand Soir productions s\u2019engage \u00e0 ne divulguer aucune information qu\u2019il est amen\u00e9 \u00e0 d\u00e9tenir sur ses visiteurs, aupr\u00e8s de qui que ce&nbsp;soit.<\/p>\n<p><strong>Droit et propri\u00e9t\u00e9<\/strong><\/p>\n<p>Les photographies, vid\u00e9os, textes, images, logos, s\u00e9quences anim\u00e9es ou non ainsi que toutes oeuvres int\u00e9gr\u00e9s dans le site, sont la propri\u00e9t\u00e9 de Grand Soir Productions ou de tiers ayant autoris\u00e9 leur utilisation.<\/p>\n<p>Les reproductions sur tous supports dudit site et des documents qui y sont pr\u00e9sents ne sont autoris\u00e9es qu\u2019\u00e0 des fins d\u2019informations et doivent \u00eatre conformes aux dispositions de l\u2019article L 122\u20135 du Code de la Propri\u00e9t\u00e9 Intellectuelle.<\/p>\n<p>Cr\u00e9dits Photos : Shutterstock, Pixabay<\/p>\n<p>La mise en place d\u2019un lien hypertexte vers le site www.grandsoirproductions.com n\u00e9cessite une autorisation pr\u00e9alable \u00e9crite de Grand Soir Productions qui ne peut, en aucun cas, \u00eatre tenu responsable de la mise \u00e0 disposition des sites qui font l\u2019objet du lien hypertexte et ne peut supporter aucune responsabilit\u00e9 sur le contenu relay\u00e9, les produits, les services\u2026 disponibles sur ces sites ou \u00e0 partir de ces&nbsp;sites.<\/p>\n<p><strong>Limitation de responsabilit\u00e9<\/strong><\/p>\n<p>En aucun cas Grand Soir Productions ne pourra \u00eatre tenu responsable des dommages directs ou indirects, et notamment pr\u00e9judice moral, mat\u00e9riel ou financier r\u00e9sultant de l\u2019acc\u00e8s ou de l\u2019utilisation de ce site ou de tous sites qui lui sont li\u00e9s. Le contenu du site est pr\u00e9sent\u00e9 sans aucune garantie de quelque nature que ce soit. En cas de litige, seul le texte dans sa r\u00e9daction en fran\u00e7ais fera&nbsp;foi.<\/p>\n","protected":false},"excerpt":{"rendered":"<p>Le site www.grandsoirproductions.com est la propri\u00e9t\u00e9 de l\u2019Association Grand Soir Productions (<span class=\"caps\">SIRET<\/span> : 52976244500037) Directeur de la publication et maintenance : Manuel <span class=\"caps\">SEBASTIAN<\/span> H\u00e9bergement : <span class=\"caps\">OVH<\/span>.com Respect l\u00e9gal et finalit\u00e9 des donn\u00e9es Conform\u00e9ment \u00e0 la loi informatique et libert\u00e9s du 6 janvier 1978, vous disposez d\u2019un droit d\u2019acc\u00e8s et de rectification aux donn\u00e9es personnelles vous&nbsp;\u2026&nbsp;<\/p>\n<p class=\"link-more\"><a href=\"https:\/\/grandsoirproductions.com\/index.php\/mentions-legales\/\" class=\"more-link\">Continuer la lecture<span class=\"screen-reader-text\"> de \u00ab&nbsp;Mentions l\u00e9gales&nbsp;\u00bb<\/span><\/a><\/p>\n","protected":false},"author":1,"featured_media":0,"parent":0,"menu_order":1,"comment_status":"closed","ping_status":"closed","template":"","meta":{"wp_typography_post_enhancements_disabled":false,"footnotes":""},"class_list":["post-462","page","type-page","status-publish","hentry","gallery-content-unit"],"_links":{"self":[{"href":"https:\/\/grandsoirproductions.com\/index.php\/wp-json\/wp\/v2\/pages\/462","targetHints":{"allow":["GET"]}}],"collection":[{"href":"https:\/\/grandsoirproductions.com\/index.php\/wp-json\/wp\/v2\/pages"}],"about":[{"href":"https:\/\/grandsoirproductions.com\/index.php\/wp-json\/wp\/v2\/types\/page"}],"author":[{"embeddable":true,"href":"https:\/\/grandsoirproductions.com\/index.php\/wp-json\/wp\/v2\/users\/1"}],"replies":[{"embeddable":true,"href":"https:\/\/grandsoirproductions.com\/index.php\/wp-json\/wp\/v2\/comments?post=462"}],"version-history":[{"count":3,"href":"https:\/\/grandsoirproductions.com\/index.php\/wp-json\/wp\/v2\/pages\/462\/revisions"}],"predecessor-version":[{"id":5647,"href":"https:\/\/grandsoirproductions.com\/index.php\/wp-json\/wp\/v2\/pages\/462\/revisions\/5647"}],"wp:attachment":[{"href":"https:\/\/grandsoirproductions.com\/index.php\/wp-json\/wp\/v2\/media?parent=462"}],"curies":[{"name":"wp","href":"https:\/\/api.w.org\/{rel}","templated":true}]}}